{"id":22,"date":"2017-07-19T17:26:03","date_gmt":"2017-07-19T20:26:03","guid":{"rendered":"https:\/\/www.gigacorp.com.ar\/soporte\/?page_id=22"},"modified":"2017-09-11T17:23:16","modified_gmt":"2017-09-11T20:23:16","slug":"sobre-nosotros","status":"publish","type":"page","link":"https:\/\/gigacorp.com.ar\/soporte\/index.php\/sobre-nosotros\/","title":{"rendered":"Sobre nosotros"},"content":{"rendered":"<table class=\"contentpaneopen\">\n<tbody>\n<tr>\n<td colspan=\"2\" valign=\"top\">\u00a0Comercializamos equipos, insumos y soporte t\u00e9cnico para negocios y empresas: equipamiento para puntos de venta (controladores e impresoras fiscales homologadas por AFIP); soluciones para c\u00f3digos de barra; y sistemas de gesti\u00f3n inform\u00e1tica.<\/p>\n<p>Para ello contamos con un equipo humano altamente capacitado dispuesto a brindarle el mejor asesoramiento en materia de nuevas tecnolog\u00edas<\/p>\n<p>Nos respaldan convenios estrat\u00e9gicos con las principales marcas controladores fiscales; Epson, Hasar, NCR garantizando el mejor servicio y garant\u00eda de postventa como as\u00ed tambi\u00e9n mantenimiento preventivo y provisi\u00f3n de insumos.<\/p>\n<p>En el \u00e1rea de desarrollo contamos con sistemas integrados de gesti\u00f3n de r\u00e1pida adaptaci\u00f3n a la mayor\u00eda de las necesidades de la empresa moderna.<\/p>\n<p>Para completar la gama completa de servicios, contamos con la estructura necesaria para llevar a cabo instalaciones de redes de datos e integraci\u00f3n de sistemas inform\u00e1ticos a medida.<\/td>\n<\/tr>\n<\/tbody>\n<\/table>\n","protected":false},"excerpt":{"rendered":"<p>\u00a0Comercializamos equipos, insumos y soporte t\u00e9cnico para negocios y empresas: equipamiento para puntos de venta (controladores e impresoras fiscales homologadas por AFIP); soluciones para c\u00f3digos de barra; y sistemas de gesti\u00f3n inform\u00e1tica. Para ello contamos con un equipo humano altamente capacitado dispuesto a brindarle el mejor asesoramiento en materia de nuevas tecnolog\u00edas Nos respaldan convenios &hellip; <\/p>\n<p class=\"link-more\"><a href=\"https:\/\/gigacorp.com.ar\/soporte\/index.php\/sobre-nosotros\/\" class=\"more-link\">Segu\u00ed leyendo<span class=\"screen-reader-text\"> &#8220;Sobre nosotros&#8221;<\/span><\/a><\/p>\n","protected":false},"author":1,"featured_media":0,"parent":0,"menu_order":0,"comment_status":"closed","ping_status":"closed","template":"","meta":[],"_links":{"self":[{"href":"https:\/\/gigacorp.com.ar\/soporte\/index.php\/wp-json\/wp\/v2\/pages\/22"}],"collection":[{"href":"https:\/\/gigacorp.com.ar\/soporte\/index.php\/wp-json\/wp\/v2\/pages"}],"about":[{"href":"https:\/\/gigacorp.com.ar\/soporte\/index.php\/wp-json\/wp\/v2\/types\/page"}],"author":[{"embeddable":true,"href":"https:\/\/gigacorp.com.ar\/soporte\/index.php\/wp-json\/wp\/v2\/users\/1"}],"replies":[{"embeddable":true,"href":"https:\/\/gigacorp.com.ar\/soporte\/index.php\/wp-json\/wp\/v2\/comments?post=22"}],"version-history":[{"count":4,"href":"https:\/\/gigacorp.com.ar\/soporte\/index.php\/wp-json\/wp\/v2\/pages\/22\/revisions"}],"predecessor-version":[{"id":364,"href":"https:\/\/gigacorp.com.ar\/soporte\/index.php\/wp-json\/wp\/v2\/pages\/22\/revisions\/364"}],"wp:attachment":[{"href":"https:\/\/gigacorp.com.ar\/soporte\/index.php\/wp-json\/wp\/v2\/media?parent=22"}],"curies":[{"name":"wp","href":"https:\/\/api.w.org\/{rel}","templated":true}]}}